{"id":78,"date":"2020-02-10T19:40:15","date_gmt":"2020-02-10T18:40:15","guid":{"rendered":"https:\/\/primere.pl\/?page_id=78"},"modified":"2022-12-23T09:33:26","modified_gmt":"2022-12-23T08:33:26","slug":"zarzadzanie-najmem","status":"publish","type":"page","link":"https:\/\/primere.pl\/pl\/zarzadzanie-najmem\/","title":{"rendered":"Zarz\u0105dzanie najmem"},"content":{"rendered":"\t\t<div data-elementor-type=\"wp-page\" data-elementor-id=\"78\" class=\"elementor elementor-78\" data-elementor-post-type=\"page\">\r\n\t\t\t\t\t\t<div class=\"elementor-inner\">\r\n\t\t\t\t<div class=\"elementor-section-wrap\">\r\n\t\t\t\t\t\t\t\t\t<section class=\"elementor-section elementor-top-section elementor-element elementor-element-7c9ba7a5 elementor-section-boxed elementor-section-height-default elementor-section-height-default\" data-id=\"7c9ba7a5\" data-element_type=\"section\">\r\n\t\t\t\t\t\t<div class=\"elementor-container elementor-column-gap-wider\">\r\n\t\t\t\t\t\t\t<div class=\"elementor-row\">\r\n\t\t\t\t\t<div class=\"elementor-column elementor-col-50 elementor-top-column elementor-element elementor-element-4e207d52\" data-id=\"4e207d52\" data-element_type=\"column\">\r\n\t\t\t<div class=\"elementor-column-wrap elementor-element-populated\">\r\n\t\t\t\t\t\t\t<div class=\"elementor-widget-wrap\">\r\n\t\t\t\t\t\t<div class=\"elementor-element elementor-element-2fe862d1 elementor-widget elementor-widget-text-editor\" data-id=\"2fe862d1\" data-element_type=\"widget\" data-widget_type=\"text-editor.default\">\r\n\t\t\t\t<div class=\"elementor-widget-container\">\r\n\t\t\t\t\t\t\t\t<div class=\"elementor-text-editor elementor-clearfix\">\r\n\t\t\t\t<p>Zarz\u0105dzanie najmem jest us\u0142ug\u0105 skierowan\u0105 do w\u0142a\u015bcicieli nieruchomo\u015bci mieszkaniowych lub lokali us\u0142ugowych, kt\u00f3rym zale\u017cy na jak najwy\u017cszym przychodzie przy jednoczesnym bezpiecze\u0144stwie najmu.<\/p>\t\t\t\t\t<\/div>\r\n\t\t\t\t\t\t<\/div>\r\n\t\t\t\t<\/div>\r\n\t\t\t\t<div class=\"elementor-element elementor-element-ca743d8 elementor-widget elementor-widget-text-editor\" data-id=\"ca743d8\" data-element_type=\"widget\" data-widget_type=\"text-editor.default\">\r\n\t\t\t\t<div class=\"elementor-widget-container\">\r\n\t\t\t\t\t\t\t\t<div class=\"elementor-text-editor elementor-clearfix\">\r\n\t\t\t\t<p>Zapewniamy:<br \/>\u2022 bezpo\u015bredni nadz\u00f3r nad wynaj\u0119t\u0105 nieruchomo\u015bci\u0105<br \/>\u2022 kontakt z najemc\u0105 24\/7<br \/>\u2022 zapewnienie ci\u0105g\u0142o\u015bci najmu<br \/>\u2022 obs\u0142ug\u0119 techniczn\u0105<br \/>\u2022 rozliczanie medi\u00f3w<br \/>\u2022 regularne monitorowanie stanu nieruchomo\u015bci<br \/>\u2022 windykacj\u0119, ubezpieczenie nieruchomo\u015bci<\/p>\t\t\t\t\t<\/div>\r\n\t\t\t\t\t\t<\/div>\r\n\t\t\t\t<\/div>\r\n\t\t\t\t\t\t<\/div>\r\n\t\t\t\t\t<\/div>\r\n\t\t<\/div>\r\n\t\t\t\t<div class=\"elementor-column elementor-col-50 elementor-top-column elementor-element elementor-element-339b9f38\" data-id=\"339b9f38\" data-element_type=\"column\">\r\n\t\t\t<div class=\"elementor-column-wrap elementor-element-populated\">\r\n\t\t\t\t\t\t\t<div class=\"elementor-widget-wrap\">\r\n\t\t\t\t\t\t<div class=\"elementor-element elementor-element-6a8a0ee0 elementor-widget elementor-widget-image\" data-id=\"6a8a0ee0\" data-element_type=\"widget\" data-widget_type=\"image.default\">\r\n\t\t\t\t<div class=\"elementor-widget-container\">\r\n\t\t\t\t\t\t\t\t<div class=\"elementor-image\">\r\n\t\t\t\t\t\t\t\t\t\t\t\t<img decoding=\"async\" width=\"800\" height=\"534\" src=\"https:\/\/primere.pl\/primere_pliki\/uploads\/2020\/02\/photo-56-1.jpg\" class=\"attachment-large size-large wp-image-540\" alt=\"\" loading=\"lazy\" srcset=\"https:\/\/primere.pl\/primere_pliki\/uploads\/2020\/02\/photo-56-1.jpg 800w, https:\/\/primere.pl\/primere_pliki\/uploads\/2020\/02\/photo-56-1-300x200.jpg 300w, https:\/\/primere.pl\/primere_pliki\/uploads\/2020\/02\/photo-56-1-768x513.jpg 768w, https:\/\/primere.pl\/primere_pliki\/uploads\/2020\/02\/photo-56-1-400x267.jpg 400w\" sizes=\"(max-width: 800px) 100vw, 800px\" \/>\t\t\t\t\t\t\t\t\t\t\t\t\t\t<\/div>\r\n\t\t\t\t\t\t<\/div>\r\n\t\t\t\t<\/div>\r\n\t\t\t\t\t\t<\/div>\r\n\t\t\t\t\t<\/div>\r\n\t\t<\/div>\r\n\t\t\t\t\t\t\t\t<\/div>\r\n\t\t\t\t\t<\/div>\r\n\t\t<\/section>\r\n\t\t\t\t\t\t\t\t\t<\/div>\r\n\t\t\t<\/div>\r\n\t\t\t\t\t<\/div>\r\n\t\t","protected":false},"excerpt":{"rendered":"<p>Zarz\u0105dzanie najmem jest us\u0142ug\u0105 skierowan\u0105 do w\u0142a\u015bcicieli nieruchomo\u015bci mieszkaniowych lub lokali us\u0142ugowych, kt\u00f3rym zale\u017cy na jak najwy\u017cszym przychodzie przy jednoczesnym bezpiecze\u0144stwie najmu. Zapewniamy:\u2022 bezpo\u015bredni nadz\u00f3r nad wynaj\u0119t\u0105 nieruchomo\u015bci\u0105\u2022 kontakt z najemc\u0105 24\/7\u2022 zapewnienie ci\u0105g\u0142o\u015bci najmu\u2022 obs\u0142ug\u0119 techniczn\u0105\u2022 rozliczanie medi\u00f3w\u2022 regularne monitorowanie stanu nieruchomo\u015bci\u2022 windykacj\u0119, ubezpieczenie nieruchomo\u015bci<\/p>\n","protected":false},"author":1,"featured_media":0,"parent":0,"menu_order":0,"comment_status":"closed","ping_status":"closed","template":"","meta":[],"yoast_head":"<!-- This site is optimized with the Yoast SEO plugin v20.11 - https:\/\/yoast.com\/wordpress\/plugins\/seo\/ -->\n<title>Zarz\u0105dzanie najmem - Primere<\/title>\n<meta name=\"robots\" content=\"index, follow, max-snippet:-1, max-image-preview:large, max-video-preview:-1\" \/>\n<link rel=\"canonical\" href=\"https:\/\/primere.pl\/pl\/zarzadzanie-najmem\/\" \/>\n<meta property=\"og:locale\" content=\"pl_PL\" \/>\n<meta property=\"og:type\" content=\"article\" \/>\n<meta property=\"og:title\" content=\"Zarz\u0105dzanie najmem - Primere\" \/>\n<meta property=\"og:description\" content=\"Zarz\u0105dzanie najmem jest us\u0142ug\u0105 skierowan\u0105 do w\u0142a\u015bcicieli nieruchomo\u015bci mieszkaniowych lub lokali us\u0142ugowych, kt\u00f3rym zale\u017cy na jak najwy\u017cszym przychodzie przy jednoczesnym bezpiecze\u0144stwie najmu. Zapewniamy:\u2022 bezpo\u015bredni nadz\u00f3r nad wynaj\u0119t\u0105 nieruchomo\u015bci\u0105\u2022 kontakt z najemc\u0105 24\/7\u2022 zapewnienie ci\u0105g\u0142o\u015bci najmu\u2022 obs\u0142ug\u0119 techniczn\u0105\u2022 rozliczanie medi\u00f3w\u2022 regularne monitorowanie stanu nieruchomo\u015bci\u2022 windykacj\u0119, ubezpieczenie nieruchomo\u015bci\" \/>\n<meta property=\"og:url\" content=\"https:\/\/primere.pl\/pl\/zarzadzanie-najmem\/\" \/>\n<meta property=\"og:site_name\" content=\"Primere\" \/>\n<meta property=\"article:modified_time\" content=\"2022-12-23T08:33:26+00:00\" \/>\n<meta property=\"og:image\" content=\"https:\/\/primere.pl\/wp-content\/uploads\/2020\/02\/photo-56-1.jpg\" \/>\n<meta name=\"twitter:card\" content=\"summary_large_image\" \/>\n<script type=\"application\/ld+json\" class=\"yoast-schema-graph\">{\"@context\":\"https:\/\/schema.org\",\"@graph\":[{\"@type\":\"WebPage\",\"@id\":\"https:\/\/primere.pl\/pl\/zarzadzanie-najmem\/\",\"url\":\"https:\/\/primere.pl\/pl\/zarzadzanie-najmem\/\",\"name\":\"Zarz\u0105dzanie najmem - Primere\",\"isPartOf\":{\"@id\":\"https:\/\/primere.pl\/pl\/#website\"},\"datePublished\":\"2020-02-10T18:40:15+00:00\",\"dateModified\":\"2022-12-23T08:33:26+00:00\",\"breadcrumb\":{\"@id\":\"https:\/\/primere.pl\/pl\/zarzadzanie-najmem\/#breadcrumb\"},\"inLanguage\":\"pl-PL\",\"potentialAction\":[{\"@type\":\"ReadAction\",\"target\":[\"https:\/\/primere.pl\/pl\/zarzadzanie-najmem\/\"]}]},{\"@type\":\"BreadcrumbList\",\"@id\":\"https:\/\/primere.pl\/pl\/zarzadzanie-najmem\/#breadcrumb\",\"itemListElement\":[{\"@type\":\"ListItem\",\"position\":1,\"name\":\"Strona g\u0142\u00f3wna\",\"item\":\"https:\/\/primere.pl\/pl\/\"},{\"@type\":\"ListItem\",\"position\":2,\"name\":\"Zarz\u0105dzanie najmem\"}]},{\"@type\":\"WebSite\",\"@id\":\"https:\/\/primere.pl\/pl\/#website\",\"url\":\"https:\/\/primere.pl\/pl\/\",\"name\":\"Primere\",\"description\":\"Real Estate Advisors\",\"potentialAction\":[{\"@type\":\"SearchAction\",\"target\":{\"@type\":\"EntryPoint\",\"urlTemplate\":\"https:\/\/primere.pl\/pl\/?s={search_term_string}\"},\"query-input\":\"required name=search_term_string\"}],\"inLanguage\":\"pl-PL\"}]}<\/script>\n<!-- \/ Yoast SEO plugin. -->","yoast_head_json":{"title":"Zarz\u0105dzanie najmem - Primere","robots":{"index":"index","follow":"follow","max-snippet":"max-snippet:-1","max-image-preview":"max-image-preview:large","max-video-preview":"max-video-preview:-1"},"canonical":"https:\/\/primere.pl\/pl\/zarzadzanie-najmem\/","og_locale":"pl_PL","og_type":"article","og_title":"Zarz\u0105dzanie najmem - Primere","og_description":"Zarz\u0105dzanie najmem jest us\u0142ug\u0105 skierowan\u0105 do w\u0142a\u015bcicieli nieruchomo\u015bci mieszkaniowych lub lokali us\u0142ugowych, kt\u00f3rym zale\u017cy na jak najwy\u017cszym przychodzie przy jednoczesnym bezpiecze\u0144stwie najmu. Zapewniamy:\u2022 bezpo\u015bredni nadz\u00f3r nad wynaj\u0119t\u0105 nieruchomo\u015bci\u0105\u2022 kontakt z najemc\u0105 24\/7\u2022 zapewnienie ci\u0105g\u0142o\u015bci najmu\u2022 obs\u0142ug\u0119 techniczn\u0105\u2022 rozliczanie medi\u00f3w\u2022 regularne monitorowanie stanu nieruchomo\u015bci\u2022 windykacj\u0119, ubezpieczenie nieruchomo\u015bci","og_url":"https:\/\/primere.pl\/pl\/zarzadzanie-najmem\/","og_site_name":"Primere","article_modified_time":"2022-12-23T08:33:26+00:00","og_image":[{"url":"https:\/\/primere.pl\/wp-content\/uploads\/2020\/02\/photo-56-1.jpg"}],"twitter_card":"summary_large_image","schema":{"@context":"https:\/\/schema.org","@graph":[{"@type":"WebPage","@id":"https:\/\/primere.pl\/pl\/zarzadzanie-najmem\/","url":"https:\/\/primere.pl\/pl\/zarzadzanie-najmem\/","name":"Zarz\u0105dzanie najmem - Primere","isPartOf":{"@id":"https:\/\/primere.pl\/pl\/#website"},"datePublished":"2020-02-10T18:40:15+00:00","dateModified":"2022-12-23T08:33:26+00:00","breadcrumb":{"@id":"https:\/\/primere.pl\/pl\/zarzadzanie-najmem\/#breadcrumb"},"inLanguage":"pl-PL","potentialAction":[{"@type":"ReadAction","target":["https:\/\/primere.pl\/pl\/zarzadzanie-najmem\/"]}]},{"@type":"BreadcrumbList","@id":"https:\/\/primere.pl\/pl\/zarzadzanie-najmem\/#breadcrumb","itemListElement":[{"@type":"ListItem","position":1,"name":"Strona g\u0142\u00f3wna","item":"https:\/\/primere.pl\/pl\/"},{"@type":"ListItem","position":2,"name":"Zarz\u0105dzanie najmem"}]},{"@type":"WebSite","@id":"https:\/\/primere.pl\/pl\/#website","url":"https:\/\/primere.pl\/pl\/","name":"Primere","description":"Real Estate Advisors","potentialAction":[{"@type":"SearchAction","target":{"@type":"EntryPoint","urlTemplate":"https:\/\/primere.pl\/pl\/?s={search_term_string}"},"query-input":"required name=search_term_string"}],"inLanguage":"pl-PL"}]}},"_links":{"self":[{"href":"https:\/\/primere.pl\/pl\/wp-json\/wp\/v2\/pages\/78"}],"collection":[{"href":"https:\/\/primere.pl\/pl\/wp-json\/wp\/v2\/pages"}],"about":[{"href":"https:\/\/primere.pl\/pl\/wp-json\/wp\/v2\/types\/page"}],"author":[{"embeddable":true,"href":"https:\/\/primere.pl\/pl\/wp-json\/wp\/v2\/users\/1"}],"replies":[{"embeddable":true,"href":"https:\/\/primere.pl\/pl\/wp-json\/wp\/v2\/comments?post=78"}],"version-history":[{"count":15,"href":"https:\/\/primere.pl\/pl\/wp-json\/wp\/v2\/pages\/78\/revisions"}],"predecessor-version":[{"id":3316,"href":"https:\/\/primere.pl\/pl\/wp-json\/wp\/v2\/pages\/78\/revisions\/3316"}],"wp:attachment":[{"href":"https:\/\/primere.pl\/pl\/wp-json\/wp\/v2\/media?parent=78"}],"curies":[{"name":"wp","href":"https:\/\/api.w.org\/{rel}","templated":true}]}}