{"id":72,"date":"2020-02-10T19:38:59","date_gmt":"2020-02-10T18:38:59","guid":{"rendered":"https:\/\/primere.pl\/?page_id=72"},"modified":"2023-06-23T14:57:42","modified_gmt":"2023-06-23T12:57:42","slug":"uslugi","status":"publish","type":"page","link":"https:\/\/primere.pl\/pl\/uslugi\/","title":{"rendered":"Us\u0142ugi"},"content":{"rendered":"\t\t<div data-elementor-type=\"wp-page\" data-elementor-id=\"72\" class=\"elementor elementor-72\" data-elementor-post-type=\"page\">\r\n\t\t\t\t\t\t<div class=\"elementor-inner\">\r\n\t\t\t\t<div class=\"elementor-section-wrap\">\r\n\t\t\t\t\t\t\t\t\t<section class=\"elementor-section elementor-top-section elementor-element elementor-element-10f320f9 elementor-section-boxed elementor-section-height-default elementor-section-height-default\" data-id=\"10f320f9\" data-element_type=\"section\">\r\n\t\t\t\t\t\t<div class=\"elementor-container elementor-column-gap-wider\">\r\n\t\t\t\t\t\t\t<div class=\"elementor-row\">\r\n\t\t\t\t\t<div class=\"elementor-column elementor-col-33 elementor-top-column elementor-element elementor-element-511684ff animated-slow elementor-invisible\" data-id=\"511684ff\" data-element_type=\"column\" data-settings=\"{&quot;animation&quot;:&quot;fadeIn&quot;,&quot;animation_delay&quot;:500}\">\r\n\t\t\t<div class=\"elementor-column-wrap elementor-element-populated\">\r\n\t\t\t\t\t\t\t<div class=\"elementor-widget-wrap\">\r\n\t\t\t\t\t\t<div class=\"elementor-element elementor-element-b84ba80 elementor-widget elementor-widget-image\" data-id=\"b84ba80\" data-element_type=\"widget\" data-widget_type=\"image.default\">\r\n\t\t\t\t<div class=\"elementor-widget-container\">\r\n\t\t\t\t\t\t\t\t<div class=\"elementor-image\">\r\n\t\t\t\t\t\t\t\t\t\t\t\t\t<a href=\"https:\/\/primere.pl\/pl\/zarzadzanie-nieruchomosciami\/\">\r\n\t\t\t\t\t\t\t<img decoding=\"async\" src=\"https:\/\/primere.pl\/primere_pliki\/uploads\/elementor\/thumbs\/zarzadzanie-1-qxrii7hag0perp87a78m4e2alv68thozda2i7jnhj6.jpg\" title=\"zarzadzanie-1.jpg\" alt=\"zarzadzanie-1.jpg\" loading=\"lazy\" \/>\t\t\t\t\t\t\t\t<\/a>\r\n\t\t\t\t\t\t\t\t\t\t\t\t\t\t<\/div>\r\n\t\t\t\t\t\t<\/div>\r\n\t\t\t\t<\/div>\r\n\t\t\t\t<div class=\"elementor-element elementor-element-71064c64 elementor-widget elementor-widget-heading\" data-id=\"71064c64\" data-element_type=\"widget\" data-widget_type=\"heading.default\">\r\n\t\t\t\t<div class=\"elementor-widget-container\">\r\n\t\t\t<div class=\"elementor-heading-title elementor-size-default\"><a href=\"https:\/\/primere.pl\/pl\/zarzadzanie-nieruchomosciami\/\">ZARZ\u0104DZANIE<\/a><\/div>\t\t<\/div>\r\n\t\t\t\t<\/div>\r\n\t\t\t\t\t\t<\/div>\r\n\t\t\t\t\t<\/div>\r\n\t\t<\/div>\r\n\t\t\t\t<div class=\"elementor-column elementor-col-33 elementor-top-column elementor-element elementor-element-569ba78e animated-slow elementor-invisible\" data-id=\"569ba78e\" data-element_type=\"column\" data-settings=\"{&quot;animation&quot;:&quot;fadeIn&quot;,&quot;animation_delay&quot;:500}\">\r\n\t\t\t<div class=\"elementor-column-wrap elementor-element-populated\">\r\n\t\t\t\t\t\t\t<div class=\"elementor-widget-wrap\">\r\n\t\t\t\t\t\t<div class=\"elementor-element elementor-element-52f0323a elementor-widget elementor-widget-image\" data-id=\"52f0323a\" data-element_type=\"widget\" data-widget_type=\"image.default\">\r\n\t\t\t\t<div class=\"elementor-widget-container\">\r\n\t\t\t\t\t\t\t\t<div class=\"elementor-image\">\r\n\t\t\t\t\t\t\t\t\t\t\t\t\t<a href=\"http:\/\/primere.pl\/zarzadzanie-najmem\/\">\r\n\t\t\t\t\t\t\t<img decoding=\"async\" src=\"https:\/\/primere.pl\/primere_pliki\/uploads\/elementor\/thumbs\/nieruchomosci-mieszkaniowe-1-qxrijzebcr4wp6ncwyv8txxn02f7cwqqa2fiud0ps2.jpg\" title=\"nieruchomosci-mieszkaniowe-1.jpg\" alt=\"nieruchomosci-mieszkaniowe-1.jpg\" loading=\"lazy\" \/>\t\t\t\t\t\t\t\t<\/a>\r\n\t\t\t\t\t\t\t\t\t\t\t\t\t\t<\/div>\r\n\t\t\t\t\t\t<\/div>\r\n\t\t\t\t<\/div>\r\n\t\t\t\t<div class=\"elementor-element elementor-element-7975cbcc elementor-widget elementor-widget-heading\" data-id=\"7975cbcc\" data-element_type=\"widget\" data-widget_type=\"heading.default\">\r\n\t\t\t\t<div class=\"elementor-widget-container\">\r\n\t\t\t<div class=\"elementor-heading-title elementor-size-default\"><a href=\"http:\/\/primere.pl\/zarzadzanie-najmem\/\">ZARZ\u0104DZANIE NAJMEM<\/a><\/div>\t\t<\/div>\r\n\t\t\t\t<\/div>\r\n\t\t\t\t\t\t<\/div>\r\n\t\t\t\t\t<\/div>\r\n\t\t<\/div>\r\n\t\t\t\t<div class=\"elementor-column elementor-col-33 elementor-top-column elementor-element elementor-element-71de9be5 animated-slow elementor-invisible\" data-id=\"71de9be5\" data-element_type=\"column\" data-settings=\"{&quot;animation&quot;:&quot;fadeIn&quot;,&quot;animation_delay&quot;:500}\">\r\n\t\t\t<div class=\"elementor-column-wrap elementor-element-populated\">\r\n\t\t\t\t\t\t\t<div class=\"elementor-widget-wrap\">\r\n\t\t\t\t\t\t<div class=\"elementor-element elementor-element-72156083 elementor-widget elementor-widget-image\" data-id=\"72156083\" data-element_type=\"widget\" data-widget_type=\"image.default\">\r\n\t\t\t\t<div class=\"elementor-widget-container\">\r\n\t\t\t\t\t\t\t\t<div class=\"elementor-image\">\r\n\t\t\t\t\t\t\t\t\t\t\t\t\t<a href=\"https:\/\/primere.pl\/pl\/posrednictwo\/\">\r\n\t\t\t\t\t\t\t<img decoding=\"async\" src=\"https:\/\/primere.pl\/primere_pliki\/uploads\/elementor\/thumbs\/nieruchomosci-komercyjne-1-qxrijzebcr4wp6ncwyv8txxn02f7cwqqa2fiud0ps2.jpg\" title=\"nieruchomosci-komercyjne-1.jpg\" alt=\"nieruchomosci-komercyjne-1.jpg\" loading=\"lazy\" \/>\t\t\t\t\t\t\t\t<\/a>\r\n\t\t\t\t\t\t\t\t\t\t\t\t\t\t<\/div>\r\n\t\t\t\t\t\t<\/div>\r\n\t\t\t\t<\/div>\r\n\t\t\t\t<div class=\"elementor-element elementor-element-42535a5b elementor-widget elementor-widget-heading\" data-id=\"42535a5b\" data-element_type=\"widget\" data-widget_type=\"heading.default\">\r\n\t\t\t\t<div class=\"elementor-widget-container\">\r\n\t\t\t<div class=\"elementor-heading-title elementor-size-default\"><a href=\"https:\/\/primere.pl\/pl\/posrednictwo\/\">PO\u015aREDNICTWO<\/a><\/div>\t\t<\/div>\r\n\t\t\t\t<\/div>\r\n\t\t\t\t\t\t<\/div>\r\n\t\t\t\t\t<\/div>\r\n\t\t<\/div>\r\n\t\t\t\t\t\t\t\t<\/div>\r\n\t\t\t\t\t<\/div>\r\n\t\t<\/section>\r\n\t\t\t\t\t\t\t\t\t<\/div>\r\n\t\t\t<\/div>\r\n\t\t\t\t\t<\/div>\r\n\t\t","protected":false},"excerpt":{"rendered":"<p>ZARZ\u0104DZANIE ZARZ\u0104DZANIE NAJMEM PO\u015aREDNICTWO<\/p>\n","protected":false},"author":1,"featured_media":0,"parent":0,"menu_order":0,"comment_status":"closed","ping_status":"closed","template":"","meta":[],"yoast_head":"<!-- This site is optimized with the Yoast SEO plugin v20.11 - https:\/\/yoast.com\/wordpress\/plugins\/seo\/ -->\n<title>Us\u0142ugi - Primere<\/title>\n<meta name=\"robots\" content=\"index, follow, max-snippet:-1, max-image-preview:large, max-video-preview:-1\" \/>\n<link rel=\"canonical\" href=\"https:\/\/primere.pl\/pl\/uslugi\/\" \/>\n<meta property=\"og:locale\" content=\"pl_PL\" \/>\n<meta property=\"og:type\" content=\"article\" \/>\n<meta property=\"og:title\" content=\"Us\u0142ugi - Primere\" \/>\n<meta property=\"og:description\" content=\"ZARZ\u0104DZANIE ZARZ\u0104DZANIE NAJMEM PO\u015aREDNICTWO\" \/>\n<meta property=\"og:url\" content=\"https:\/\/primere.pl\/pl\/uslugi\/\" \/>\n<meta property=\"og:site_name\" content=\"Primere\" \/>\n<meta property=\"article:modified_time\" content=\"2023-06-23T12:57:42+00:00\" \/>\n<meta property=\"og:image\" content=\"https:\/\/primere.pl\/primere_pliki\/uploads\/elementor\/thumbs\/zarzadzanie-1-okz28bpgjl7t7ztllzw22mo6bqmd8xpu8pef63hpqa.jpg\" \/>\n<meta name=\"twitter:card\" content=\"summary_large_image\" \/>\n<meta name=\"twitter:label1\" content=\"Szacowany czas czytania\" \/>\n\t<meta name=\"twitter:data1\" content=\"1 minuta\" \/>\n<script type=\"application\/ld+json\" class=\"yoast-schema-graph\">{\"@context\":\"https:\/\/schema.org\",\"@graph\":[{\"@type\":\"WebPage\",\"@id\":\"https:\/\/primere.pl\/pl\/uslugi\/\",\"url\":\"https:\/\/primere.pl\/pl\/uslugi\/\",\"name\":\"Us\u0142ugi - Primere\",\"isPartOf\":{\"@id\":\"https:\/\/primere.pl\/pl\/#website\"},\"datePublished\":\"2020-02-10T18:38:59+00:00\",\"dateModified\":\"2023-06-23T12:57:42+00:00\",\"breadcrumb\":{\"@id\":\"https:\/\/primere.pl\/pl\/uslugi\/#breadcrumb\"},\"inLanguage\":\"pl-PL\",\"potentialAction\":[{\"@type\":\"ReadAction\",\"target\":[\"https:\/\/primere.pl\/pl\/uslugi\/\"]}]},{\"@type\":\"BreadcrumbList\",\"@id\":\"https:\/\/primere.pl\/pl\/uslugi\/#breadcrumb\",\"itemListElement\":[{\"@type\":\"ListItem\",\"position\":1,\"name\":\"Strona g\u0142\u00f3wna\",\"item\":\"https:\/\/primere.pl\/pl\/\"},{\"@type\":\"ListItem\",\"position\":2,\"name\":\"Us\u0142ugi\"}]},{\"@type\":\"WebSite\",\"@id\":\"https:\/\/primere.pl\/pl\/#website\",\"url\":\"https:\/\/primere.pl\/pl\/\",\"name\":\"Primere\",\"description\":\"Real Estate Advisors\",\"potentialAction\":[{\"@type\":\"SearchAction\",\"target\":{\"@type\":\"EntryPoint\",\"urlTemplate\":\"https:\/\/primere.pl\/pl\/?s={search_term_string}\"},\"query-input\":\"required name=search_term_string\"}],\"inLanguage\":\"pl-PL\"}]}<\/script>\n<!-- \/ Yoast SEO plugin. -->","yoast_head_json":{"title":"Us\u0142ugi - Primere","robots":{"index":"index","follow":"follow","max-snippet":"max-snippet:-1","max-image-preview":"max-image-preview:large","max-video-preview":"max-video-preview:-1"},"canonical":"https:\/\/primere.pl\/pl\/uslugi\/","og_locale":"pl_PL","og_type":"article","og_title":"Us\u0142ugi - Primere","og_description":"ZARZ\u0104DZANIE ZARZ\u0104DZANIE NAJMEM PO\u015aREDNICTWO","og_url":"https:\/\/primere.pl\/pl\/uslugi\/","og_site_name":"Primere","article_modified_time":"2023-06-23T12:57:42+00:00","og_image":[{"url":"https:\/\/primere.pl\/primere_pliki\/uploads\/elementor\/thumbs\/zarzadzanie-1-okz28bpgjl7t7ztllzw22mo6bqmd8xpu8pef63hpqa.jpg"}],"twitter_card":"summary_large_image","twitter_misc":{"Szacowany czas czytania":"1 minuta"},"schema":{"@context":"https:\/\/schema.org","@graph":[{"@type":"WebPage","@id":"https:\/\/primere.pl\/pl\/uslugi\/","url":"https:\/\/primere.pl\/pl\/uslugi\/","name":"Us\u0142ugi - Primere","isPartOf":{"@id":"https:\/\/primere.pl\/pl\/#website"},"datePublished":"2020-02-10T18:38:59+00:00","dateModified":"2023-06-23T12:57:42+00:00","breadcrumb":{"@id":"https:\/\/primere.pl\/pl\/uslugi\/#breadcrumb"},"inLanguage":"pl-PL","potentialAction":[{"@type":"ReadAction","target":["https:\/\/primere.pl\/pl\/uslugi\/"]}]},{"@type":"BreadcrumbList","@id":"https:\/\/primere.pl\/pl\/uslugi\/#breadcrumb","itemListElement":[{"@type":"ListItem","position":1,"name":"Strona g\u0142\u00f3wna","item":"https:\/\/primere.pl\/pl\/"},{"@type":"ListItem","position":2,"name":"Us\u0142ugi"}]},{"@type":"WebSite","@id":"https:\/\/primere.pl\/pl\/#website","url":"https:\/\/primere.pl\/pl\/","name":"Primere","description":"Real Estate Advisors","potentialAction":[{"@type":"SearchAction","target":{"@type":"EntryPoint","urlTemplate":"https:\/\/primere.pl\/pl\/?s={search_term_string}"},"query-input":"required name=search_term_string"}],"inLanguage":"pl-PL"}]}},"_links":{"self":[{"href":"https:\/\/primere.pl\/pl\/wp-json\/wp\/v2\/pages\/72"}],"collection":[{"href":"https:\/\/primere.pl\/pl\/wp-json\/wp\/v2\/pages"}],"about":[{"href":"https:\/\/primere.pl\/pl\/wp-json\/wp\/v2\/types\/page"}],"author":[{"embeddable":true,"href":"https:\/\/primere.pl\/pl\/wp-json\/wp\/v2\/users\/1"}],"replies":[{"embeddable":true,"href":"https:\/\/primere.pl\/pl\/wp-json\/wp\/v2\/comments?post=72"}],"version-history":[{"count":13,"href":"https:\/\/primere.pl\/pl\/wp-json\/wp\/v2\/pages\/72\/revisions"}],"predecessor-version":[{"id":3988,"href":"https:\/\/primere.pl\/pl\/wp-json\/wp\/v2\/pages\/72\/revisions\/3988"}],"wp:attachment":[{"href":"https:\/\/primere.pl\/pl\/wp-json\/wp\/v2\/media?parent=72"}],"curies":[{"name":"wp","href":"https:\/\/api.w.org\/{rel}","templated":true}]}}