{"id":3928,"date":"2023-06-21T18:38:40","date_gmt":"2023-06-21T16:38:40","guid":{"rendered":"https:\/\/primere.pl\/?page_id=3928"},"modified":"2023-06-21T18:39:25","modified_gmt":"2023-06-21T16:39:25","slug":"sped","status":"publish","type":"page","link":"https:\/\/primere.pl\/pl\/sped\/","title":{"rendered":"SPED"},"content":{"rendered":"\t\t<div data-elementor-type=\"wp-page\" data-elementor-id=\"3928\" class=\"elementor elementor-3928\" data-elementor-post-type=\"page\">\r\n\t\t\t\t\t\t<div class=\"elementor-inner\">\r\n\t\t\t\t<div class=\"elementor-section-wrap\">\r\n\t\t\t\t\t\t\t\t\t<section class=\"elementor-section elementor-top-section elementor-element elementor-element-5d8e483 elementor-section-boxed elementor-section-height-default elementor-section-height-default\" data-id=\"5d8e483\" data-element_type=\"section\">\r\n\t\t\t\t\t\t<div class=\"elementor-container elementor-column-gap-default\">\r\n\t\t\t\t\t\t\t<div class=\"elementor-row\">\r\n\t\t\t\t\t<div class=\"elementor-column elementor-col-100 elementor-top-column elementor-element elementor-element-3fb4052\" data-id=\"3fb4052\" data-element_type=\"column\">\r\n\t\t\t<div class=\"elementor-column-wrap\">\r\n\t\t\t\t\t\t\t<div class=\"elementor-widget-wrap\">\r\n\t\t\t\t\t\t\t\t<\/div>\r\n\t\t\t\t\t<\/div>\r\n\t\t<\/div>\r\n\t\t\t\t\t\t\t\t<\/div>\r\n\t\t\t\t\t<\/div>\r\n\t\t<\/section>\r\n\t\t\t\t<section class=\"elementor-section elementor-top-section elementor-element elementor-element-61af473 elementor-section-boxed elementor-section-height-default elementor-section-height-default\" data-id=\"61af473\" data-element_type=\"section\">\r\n\t\t\t\t\t\t<div class=\"elementor-container elementor-column-gap-default\">\r\n\t\t\t\t\t\t\t<div class=\"elementor-row\">\r\n\t\t\t\t\t<div class=\"elementor-column elementor-col-50 elementor-top-column elementor-element elementor-element-68d280b\" data-id=\"68d280b\" data-element_type=\"column\" data-settings=\"{&quot;background_background&quot;:&quot;classic&quot;}\">\r\n\t\t\t<div class=\"elementor-column-wrap elementor-element-populated\">\r\n\t\t\t\t\t\t\t<div class=\"elementor-widget-wrap\">\r\n\t\t\t\t\t\t<div class=\"elementor-element elementor-element-909c1a3 elementor-icon-list--layout-inline elementor-align-left elementor-list-item-link-full_width elementor-widget elementor-widget-icon-list\" data-id=\"909c1a3\" data-element_type=\"widget\" data-widget_type=\"icon-list.default\">\r\n\t\t\t\t<div class=\"elementor-widget-container\">\r\n\t\t\t\t\t<ul class=\"elementor-icon-list-items elementor-inline-items\">\r\n\t\t\t\t\t\t\t<li class=\"elementor-icon-list-item elementor-inline-item\">\r\n\t\t\t\t\t\t\t\t\t\t\t<span class=\"elementor-icon-list-icon\">\r\n\t\t\t\t\t\t\t<i aria-hidden=\"true\" class=\"fas fa-map-marker-alt\"><\/i>\t\t\t\t\t\t<\/span>\r\n\t\t\t\t\t\t\t\t\t\t<span class=\"elementor-icon-list-text\">Siechnice,  Zachodnia 1<\/span>\r\n\t\t\t\t\t\t\t\t\t<\/li>\r\n\t\t\t\t\t\t\t\t<li class=\"elementor-icon-list-item elementor-inline-item\">\r\n\t\t\t\t\t\t\t\t\t\t\t<span class=\"elementor-icon-list-icon\">\r\n\t\t\t\t\t\t\t<i aria-hidden=\"true\" class=\"fas fa-clipboard\"><\/i>\t\t\t\t\t\t<\/span>\r\n\t\t\t\t\t\t\t\t\t\t<span class=\"elementor-icon-list-text\">Siedziba i w\u0142asno\u015b\u0107 hurtowni technicznej SPED<\/span>\r\n\t\t\t\t\t\t\t\t\t<\/li>\r\n\t\t\t\t\t\t<\/ul>\r\n\t\t\t\t<\/div>\r\n\t\t\t\t<\/div>\r\n\t\t\t\t\t\t<\/div>\r\n\t\t\t\t\t<\/div>\r\n\t\t<\/div>\r\n\t\t\t\t<div class=\"elementor-column elementor-col-50 elementor-top-column elementor-element elementor-element-8864215\" data-id=\"8864215\" data-element_type=\"column\">\r\n\t\t\t<div class=\"elementor-column-wrap\">\r\n\t\t\t\t\t\t\t<div class=\"elementor-widget-wrap\">\r\n\t\t\t\t\t\t\t\t<\/div>\r\n\t\t\t\t\t<\/div>\r\n\t\t<\/div>\r\n\t\t\t\t\t\t\t\t<\/div>\r\n\t\t\t\t\t<\/div>\r\n\t\t<\/section>\r\n\t\t\t\t<section class=\"elementor-section elementor-top-section elementor-element elementor-element-744b685 elementor-section-boxed elementor-section-height-default elementor-section-height-default\" data-id=\"744b685\" data-element_type=\"section\">\r\n\t\t\t\t\t\t<div class=\"elementor-container elementor-column-gap-default\">\r\n\t\t\t\t\t\t\t<div class=\"elementor-row\">\r\n\t\t\t\t\t<div class=\"elementor-column elementor-col-100 elementor-top-column elementor-element elementor-element-7854d5d\" data-id=\"7854d5d\" data-element_type=\"column\">\r\n\t\t\t<div class=\"elementor-column-wrap elementor-element-populated\">\r\n\t\t\t\t\t\t\t<div class=\"elementor-widget-wrap\">\r\n\t\t\t\t\t\t<div class=\"elementor-element elementor-element-bcc56e0 elementor-widget elementor-widget-heading\" data-id=\"bcc56e0\" data-element_type=\"widget\" data-widget_type=\"heading.default\">\r\n\t\t\t\t<div class=\"elementor-widget-container\">\r\n\t\t\t<h4 class=\"elementor-heading-title elementor-size-default\">Zainteresowanych prosimy o kontakt w celu przedstawienia oferty<\/h4>\t\t<\/div>\r\n\t\t\t\t<\/div>\r\n\t\t\t\t\t\t<\/div>\r\n\t\t\t\t\t<\/div>\r\n\t\t<\/div>\r\n\t\t\t\t\t\t\t\t<\/div>\r\n\t\t\t\t\t<\/div>\r\n\t\t<\/section>\r\n\t\t\t\t<section class=\"elementor-section elementor-top-section elementor-element elementor-element-fe35ba1 elementor-section-boxed elementor-section-height-default elementor-section-height-default\" data-id=\"fe35ba1\" data-element_type=\"section\">\r\n\t\t\t\t\t\t<div class=\"elementor-container elementor-column-gap-default\">\r\n\t\t\t\t\t\t\t<div class=\"elementor-row\">\r\n\t\t\t\t\t<div class=\"elementor-column elementor-col-100 elementor-top-column elementor-element elementor-element-a0dba21\" data-id=\"a0dba21\" data-element_type=\"column\">\r\n\t\t\t<div class=\"elementor-column-wrap elementor-element-populated\">\r\n\t\t\t\t\t\t\t<div class=\"elementor-widget-wrap\">\r\n\t\t\t\t\t\t<div class=\"elementor-element elementor-element-599ee94 elementor-widget elementor-widget-premium-contact-form\" data-id=\"599ee94\" data-element_type=\"widget\" data-widget_type=\"premium-contact-form.default\">\r\n\t\t\t\t<div class=\"elementor-widget-container\">\r\n\t\t\t\r\n\t\t\t<div class=\"premium-cf7-container\">\r\n\t\t\t\t\n<div class=\"wpcf7 no-js\" id=\"wpcf7-f3921-o1\" lang=\"pl-PL\" dir=\"ltr\">\n<div class=\"screen-reader-response\"><p role=\"status\" aria-live=\"polite\" aria-atomic=\"true\"><\/p> <ul><\/ul><\/div>\n<form action=\"\/pl\/wp-json\/wp\/v2\/pages\/3928#wpcf7-f3921-o1\" method=\"post\" class=\"wpcf7-form init\" aria-label=\"Formularz kontaktowy\" novalidate=\"novalidate\" data-status=\"init\">\n<div style=\"display: none;\">\n<input type=\"hidden\" name=\"_wpcf7\" value=\"3921\" \/>\n<input type=\"hidden\" name=\"_wpcf7_version\" value=\"5.7.7\" \/>\n<input type=\"hidden\" name=\"_wpcf7_locale\" value=\"pl_PL\" \/>\n<input type=\"hidden\" name=\"_wpcf7_unit_tag\" value=\"wpcf7-f3921-o1\" \/>\n<input type=\"hidden\" name=\"_wpcf7_container_post\" value=\"0\" \/>\n<input type=\"hidden\" name=\"_wpcf7_posted_data_hash\" value=\"\" \/>\n<input type=\"hidden\" name=\"_wpcf7_recaptcha_response\" value=\"\" \/>\n<\/div>\n<div style=\"display:inline-block; width:49%;\">\n\t<p><span class=\"wpcf7-form-control-wrap\" data-name=\"your-name\"><input size=\"40\" class=\"wpcf7-form-control wpcf7-text wpcf7-validates-as-required\" aria-required=\"true\" aria-invalid=\"false\" placeholder=\"Imi\u0119 i nazwisko\" value=\"\" type=\"text\" name=\"your-name\" \/><\/span>\n\t<\/p>\n<\/div>\n<div style=\"display:inline-block; width:49%;\">\n\t<p><span class=\"wpcf7-form-control-wrap\" data-name=\"your-email\"><input size=\"40\" class=\"wpcf7-form-control wpcf7-text wpcf7-email wpcf7-validates-as-required wpcf7-validates-as-email\" aria-required=\"true\" aria-invalid=\"false\" placeholder=\"E-mail\" value=\"\" type=\"email\" name=\"your-email\" \/><\/span>\n\t<\/p>\n<\/div>\n<p><span class=\"wpcf7-form-control-wrap\" data-name=\"your-message\"><textarea cols=\"40\" rows=\"10\" class=\"wpcf7-form-control wpcf7-textarea\" aria-invalid=\"false\" placeholder=\"Wiadomo\u015b\u0107\" name=\"your-message\"><\/textarea><\/span>\n<\/p>\n<p><span class=\"wpcf7-form-control-wrap\" data-name=\"acceptance-885\"><span class=\"wpcf7-form-control wpcf7-acceptance optional\"><span class=\"wpcf7-list-item\"><label><input type=\"checkbox\" name=\"acceptance-885\" value=\"1\" aria-invalid=\"false\" \/><span class=\"wpcf7-list-item-label\">Wyra\u017cam zgod\u0119 na przetwarzanie moich danych osobowych podanych w powy\u017cszym formularzu w celach handlowych i marketingowych<\/span><\/label><\/span><\/span><\/span>\n<\/p>\n<p><input class=\"wpcf7-form-control has-spinner wpcf7-submit\" type=\"submit\" value=\"Wy\u015blij\" \/>\n<\/p><div class=\"wpcf7-response-output\" aria-hidden=\"true\"><\/div>\n<\/form>\n<\/div>\n\t\t\t<\/div>\r\n\r\n\t\t\t\t\t<\/div>\r\n\t\t\t\t<\/div>\r\n\t\t\t\t\t\t<\/div>\r\n\t\t\t\t\t<\/div>\r\n\t\t<\/div>\r\n\t\t\t\t\t\t\t\t<\/div>\r\n\t\t\t\t\t<\/div>\r\n\t\t<\/section>\r\n\t\t\t\t\t\t\t\t\t<\/div>\r\n\t\t\t<\/div>\r\n\t\t\t\t\t<\/div>\r\n\t\t","protected":false},"excerpt":{"rendered":"<p>Siechnice, Zachodnia 1 Siedziba i w\u0142asno\u015b\u0107 hurtowni technicznej SPED Zainteresowanych prosimy o kontakt w celu przedstawienia oferty Wyra\u017cam zgod\u0119 na przetwarzanie moich danych osobowych podanych w powy\u017cszym formularzu w celach handlowych i marketingowych<\/p>\n","protected":false},"author":1,"featured_media":0,"parent":0,"menu_order":0,"comment_status":"closed","ping_status":"closed","template":"","meta":[],"yoast_head":"<!-- This site is optimized with the Yoast SEO plugin v20.11 - https:\/\/yoast.com\/wordpress\/plugins\/seo\/ -->\n<title>SPED - Primere<\/title>\n<meta name=\"robots\" content=\"index, follow, max-snippet:-1, max-image-preview:large, max-video-preview:-1\" \/>\n<link rel=\"canonical\" href=\"https:\/\/primere.pl\/pl\/sped\/\" \/>\n<meta property=\"og:locale\" content=\"pl_PL\" \/>\n<meta property=\"og:type\" content=\"article\" \/>\n<meta property=\"og:title\" content=\"SPED - Primere\" \/>\n<meta property=\"og:description\" content=\"Siechnice, Zachodnia 1 Siedziba i w\u0142asno\u015b\u0107 hurtowni technicznej SPED Zainteresowanych prosimy o kontakt w celu przedstawienia oferty Wyra\u017cam zgod\u0119 na przetwarzanie moich danych osobowych podanych w powy\u017cszym formularzu w celach handlowych i marketingowych\" \/>\n<meta property=\"og:url\" content=\"https:\/\/primere.pl\/pl\/sped\/\" \/>\n<meta property=\"og:site_name\" content=\"Primere\" \/>\n<meta property=\"article:modified_time\" content=\"2023-06-21T16:39:25+00:00\" \/>\n<meta name=\"twitter:card\" content=\"summary_large_image\" \/>\n<meta name=\"twitter:label1\" content=\"Szacowany czas czytania\" \/>\n\t<meta name=\"twitter:data1\" content=\"1 minuta\" \/>\n<script type=\"application\/ld+json\" class=\"yoast-schema-graph\">{\"@context\":\"https:\/\/schema.org\",\"@graph\":[{\"@type\":\"WebPage\",\"@id\":\"https:\/\/primere.pl\/pl\/sped\/\",\"url\":\"https:\/\/primere.pl\/pl\/sped\/\",\"name\":\"SPED - Primere\",\"isPartOf\":{\"@id\":\"https:\/\/primere.pl\/pl\/#website\"},\"datePublished\":\"2023-06-21T16:38:40+00:00\",\"dateModified\":\"2023-06-21T16:39:25+00:00\",\"breadcrumb\":{\"@id\":\"https:\/\/primere.pl\/pl\/sped\/#breadcrumb\"},\"inLanguage\":\"pl-PL\",\"potentialAction\":[{\"@type\":\"ReadAction\",\"target\":[\"https:\/\/primere.pl\/pl\/sped\/\"]}]},{\"@type\":\"BreadcrumbList\",\"@id\":\"https:\/\/primere.pl\/pl\/sped\/#breadcrumb\",\"itemListElement\":[{\"@type\":\"ListItem\",\"position\":1,\"name\":\"Strona g\u0142\u00f3wna\",\"item\":\"https:\/\/primere.pl\/pl\/\"},{\"@type\":\"ListItem\",\"position\":2,\"name\":\"SPED\"}]},{\"@type\":\"WebSite\",\"@id\":\"https:\/\/primere.pl\/pl\/#website\",\"url\":\"https:\/\/primere.pl\/pl\/\",\"name\":\"Primere\",\"description\":\"Real Estate Advisors\",\"potentialAction\":[{\"@type\":\"SearchAction\",\"target\":{\"@type\":\"EntryPoint\",\"urlTemplate\":\"https:\/\/primere.pl\/pl\/?s={search_term_string}\"},\"query-input\":\"required name=search_term_string\"}],\"inLanguage\":\"pl-PL\"}]}<\/script>\n<!-- \/ Yoast SEO plugin. -->","yoast_head_json":{"title":"SPED - Primere","robots":{"index":"index","follow":"follow","max-snippet":"max-snippet:-1","max-image-preview":"max-image-preview:large","max-video-preview":"max-video-preview:-1"},"canonical":"https:\/\/primere.pl\/pl\/sped\/","og_locale":"pl_PL","og_type":"article","og_title":"SPED - Primere","og_description":"Siechnice, Zachodnia 1 Siedziba i w\u0142asno\u015b\u0107 hurtowni technicznej SPED Zainteresowanych prosimy o kontakt w celu przedstawienia oferty Wyra\u017cam zgod\u0119 na przetwarzanie moich danych osobowych podanych w powy\u017cszym formularzu w celach handlowych i marketingowych","og_url":"https:\/\/primere.pl\/pl\/sped\/","og_site_name":"Primere","article_modified_time":"2023-06-21T16:39:25+00:00","twitter_card":"summary_large_image","twitter_misc":{"Szacowany czas czytania":"1 minuta"},"schema":{"@context":"https:\/\/schema.org","@graph":[{"@type":"WebPage","@id":"https:\/\/primere.pl\/pl\/sped\/","url":"https:\/\/primere.pl\/pl\/sped\/","name":"SPED - Primere","isPartOf":{"@id":"https:\/\/primere.pl\/pl\/#website"},"datePublished":"2023-06-21T16:38:40+00:00","dateModified":"2023-06-21T16:39:25+00:00","breadcrumb":{"@id":"https:\/\/primere.pl\/pl\/sped\/#breadcrumb"},"inLanguage":"pl-PL","potentialAction":[{"@type":"ReadAction","target":["https:\/\/primere.pl\/pl\/sped\/"]}]},{"@type":"BreadcrumbList","@id":"https:\/\/primere.pl\/pl\/sped\/#breadcrumb","itemListElement":[{"@type":"ListItem","position":1,"name":"Strona g\u0142\u00f3wna","item":"https:\/\/primere.pl\/pl\/"},{"@type":"ListItem","position":2,"name":"SPED"}]},{"@type":"WebSite","@id":"https:\/\/primere.pl\/pl\/#website","url":"https:\/\/primere.pl\/pl\/","name":"Primere","description":"Real Estate Advisors","potentialAction":[{"@type":"SearchAction","target":{"@type":"EntryPoint","urlTemplate":"https:\/\/primere.pl\/pl\/?s={search_term_string}"},"query-input":"required name=search_term_string"}],"inLanguage":"pl-PL"}]}},"_links":{"self":[{"href":"https:\/\/primere.pl\/pl\/wp-json\/wp\/v2\/pages\/3928"}],"collection":[{"href":"https:\/\/primere.pl\/pl\/wp-json\/wp\/v2\/pages"}],"about":[{"href":"https:\/\/primere.pl\/pl\/wp-json\/wp\/v2\/types\/page"}],"author":[{"embeddable":true,"href":"https:\/\/primere.pl\/pl\/wp-json\/wp\/v2\/users\/1"}],"replies":[{"embeddable":true,"href":"https:\/\/primere.pl\/pl\/wp-json\/wp\/v2\/comments?post=3928"}],"version-history":[{"count":4,"href":"https:\/\/primere.pl\/pl\/wp-json\/wp\/v2\/pages\/3928\/revisions"}],"predecessor-version":[{"id":3932,"href":"https:\/\/primere.pl\/pl\/wp-json\/wp\/v2\/pages\/3928\/revisions\/3932"}],"wp:attachment":[{"href":"https:\/\/primere.pl\/pl\/wp-json\/wp\/v2\/media?parent=3928"}],"curies":[{"name":"wp","href":"https:\/\/api.w.org\/{rel}","templated":true}]}}