{"id":273,"date":"2020-02-14T10:57:17","date_gmt":"2020-02-14T09:57:17","guid":{"rendered":"https:\/\/primere.pl\/?page_id=273"},"modified":"2022-12-23T09:32:50","modified_gmt":"2022-12-23T08:32:50","slug":"biblioteka-profesjonalisty","status":"publish","type":"page","link":"https:\/\/primere.pl\/pl\/biblioteka-profesjonalisty\/","title":{"rendered":"Biblioteka profesjonalisty"},"content":{"rendered":"\t\t<div data-elementor-type=\"wp-page\" data-elementor-id=\"273\" class=\"elementor elementor-273\" data-elementor-post-type=\"page\">\r\n\t\t\t\t\t\t<div class=\"elementor-inner\">\r\n\t\t\t\t<div class=\"elementor-section-wrap\">\r\n\t\t\t\t\t\t\t\t\t<section class=\"elementor-section elementor-top-section elementor-element elementor-element-9392f24 elementor-section-boxed elementor-section-height-default elementor-section-height-default\" data-id=\"9392f24\" data-element_type=\"section\">\r\n\t\t\t\t\t\t<div class=\"elementor-container elementor-column-gap-default\">\r\n\t\t\t\t\t\t\t<div class=\"elementor-row\">\r\n\t\t\t\t\t<div class=\"elementor-column elementor-col-100 elementor-top-column elementor-element elementor-element-54d9227\" data-id=\"54d9227\" data-element_type=\"column\">\r\n\t\t\t<div class=\"elementor-column-wrap elementor-element-populated\">\r\n\t\t\t\t\t\t\t<div class=\"elementor-widget-wrap\">\r\n\t\t\t\t\t\t<div class=\"elementor-element elementor-element-4cdd5b1 elementor-widget elementor-widget-heading\" data-id=\"4cdd5b1\" data-element_type=\"widget\" data-widget_type=\"heading.default\">\r\n\t\t\t\t<div class=\"elementor-widget-container\">\r\n\t\t\t<h5 class=\"elementor-heading-title elementor-size-default\"><span style=\"color:#5f5f5f\">\u0179R\u00d3D\u0141A <\/span>PRAWA<\/h5>\t\t<\/div>\r\n\t\t\t\t<\/div>\r\n\t\t\t\t\t\t<\/div>\r\n\t\t\t\t\t<\/div>\r\n\t\t<\/div>\r\n\t\t\t\t\t\t\t\t<\/div>\r\n\t\t\t\t\t<\/div>\r\n\t\t<\/section>\r\n\t\t\t\t<section class=\"elementor-section elementor-top-section elementor-element elementor-element-11aba43 elementor-section-boxed elementor-section-height-default elementor-section-height-default\" data-id=\"11aba43\" data-element_type=\"section\">\r\n\t\t\t\t\t\t<div class=\"elementor-container elementor-column-gap-default\">\r\n\t\t\t\t\t\t\t<div class=\"elementor-row\">\r\n\t\t\t\t\t<div class=\"elementor-column elementor-col-100 elementor-top-column elementor-element elementor-element-eb2d6da\" data-id=\"eb2d6da\" data-element_type=\"column\">\r\n\t\t\t<div class=\"elementor-column-wrap elementor-element-populated\">\r\n\t\t\t\t\t\t\t<div class=\"elementor-widget-wrap\">\r\n\t\t\t\t\t\t<div class=\"elementor-element elementor-element-1c59c7c elementor-widget elementor-widget-text-editor\" data-id=\"1c59c7c\" data-element_type=\"widget\" data-widget_type=\"text-editor.default\">\r\n\t\t\t\t<div class=\"elementor-widget-container\">\r\n\t\t\t\t\t\t\t\t<div class=\"elementor-text-editor elementor-clearfix\">\r\n\t\t\t\t<p style=\"text-align: center;\"><a href=\"http:\/\/isap.sejm.gov.pl\/DetailsServlet?id=WDU19940850388\" target=\"_blank\" rel=\"noopener noreferrer\">Ustawa z dnia 24 czerwca 1994 r. o w\u0142asno\u015bci lokali<\/a><\/p><p style=\"text-align: center;\"><a href=\"http:\/\/isap.sejm.gov.pl\/DetailsServlet?id=WDU19971150741\" target=\"_blank\" rel=\"noopener noreferrer\">Ustawa z dnia 21 sierpnia 1997 r. o gospodarce nieruchomo\u015bciami<\/a><\/p><p style=\"text-align: center;\"><a href=\"http:\/\/isap.sejm.gov.pl\/DetailsServlet?id=WDU19940890414\" target=\"_blank\" rel=\"noopener noreferrer\">Ustawa z dnia 7 lipca 1994 r. \u2013 Prawo budowlane<\/a><\/p><p style=\"text-align: center;\"><a href=\"http:\/\/isap.sejm.gov.pl\/DetailsServlet?id=WDU20020750690\" target=\"_blank\" rel=\"noopener noreferrer\">Rozporz\u0105dzenie Ministra Infrastruktury z dnia 12 kwietnia 2002 r. w sprawie warunk\u00f3w technicznych, jakim powinny odpowiada\u0107 budynki i ich usytuowanie<\/a><\/p><p style=\"text-align: center;\"><a href=\"http:\/\/isap.sejm.gov.pl\/DetailsServlet?id=WDU20041711800\" target=\"_blank\" rel=\"noopener noreferrer\">Ustawa z dnia 16 lipca 2004 r. Prawo telekomunikacyjne<\/a><\/p><p style=\"text-align: center;\"><a href=\"http:\/\/prawo.sejm.gov.pl\/isap.nsf\/DocDetails.xsp?id=WDU20010710733\" target=\"_blank\" rel=\"noopener\">Ustawa z dnia 21 czerwca 2001 r. o ochronie praw lokator\u00f3w<\/a><\/p>\t\t\t\t\t<\/div>\r\n\t\t\t\t\t\t<\/div>\r\n\t\t\t\t<\/div>\r\n\t\t\t\t\t\t<\/div>\r\n\t\t\t\t\t<\/div>\r\n\t\t<\/div>\r\n\t\t\t\t\t\t\t\t<\/div>\r\n\t\t\t\t\t<\/div>\r\n\t\t<\/section>\r\n\t\t\t\t\t\t\t\t\t<\/div>\r\n\t\t\t<\/div>\r\n\t\t\t\t\t<\/div>\r\n\t\t","protected":false},"excerpt":{"rendered":"<p>\u0179R\u00d3D\u0141A PRAWA Ustawa z dnia 24 czerwca 1994 r. o w\u0142asno\u015bci lokali Ustawa z dnia 21 sierpnia 1997 r. o gospodarce nieruchomo\u015bciami Ustawa z dnia 7 lipca 1994 r. \u2013 Prawo budowlane Rozporz\u0105dzenie Ministra Infrastruktury z dnia 12 kwietnia 2002 r. w sprawie warunk\u00f3w technicznych, jakim powinny odpowiada\u0107 budynki i ich usytuowanie Ustawa z dnia [&hellip;]<\/p>\n","protected":false},"author":1,"featured_media":0,"parent":0,"menu_order":0,"comment_status":"closed","ping_status":"closed","template":"","meta":[],"yoast_head":"<!-- This site is optimized with the Yoast SEO plugin v20.11 - https:\/\/yoast.com\/wordpress\/plugins\/seo\/ -->\n<title>Biblioteka profesjonalisty - Primere<\/title>\n<meta name=\"robots\" content=\"index, follow, max-snippet:-1, max-image-preview:large, max-video-preview:-1\" \/>\n<link rel=\"canonical\" href=\"https:\/\/primere.pl\/pl\/biblioteka-profesjonalisty\/\" \/>\n<meta property=\"og:locale\" content=\"pl_PL\" \/>\n<meta property=\"og:type\" content=\"article\" \/>\n<meta property=\"og:title\" content=\"Biblioteka profesjonalisty - Primere\" \/>\n<meta property=\"og:description\" content=\"\u0179R\u00d3D\u0141A PRAWA Ustawa z dnia 24 czerwca 1994 r. o w\u0142asno\u015bci lokali Ustawa z dnia 21 sierpnia 1997 r. o gospodarce nieruchomo\u015bciami Ustawa z dnia 7 lipca 1994 r. \u2013 Prawo budowlane Rozporz\u0105dzenie Ministra Infrastruktury z dnia 12 kwietnia 2002 r. w sprawie warunk\u00f3w technicznych, jakim powinny odpowiada\u0107 budynki i ich usytuowanie Ustawa z dnia [&hellip;]\" \/>\n<meta property=\"og:url\" content=\"https:\/\/primere.pl\/pl\/biblioteka-profesjonalisty\/\" \/>\n<meta property=\"og:site_name\" content=\"Primere\" \/>\n<meta property=\"article:modified_time\" content=\"2022-12-23T08:32:50+00:00\" \/>\n<meta name=\"twitter:card\" content=\"summary_large_image\" \/>\n<script type=\"application\/ld+json\" class=\"yoast-schema-graph\">{\"@context\":\"https:\/\/schema.org\",\"@graph\":[{\"@type\":\"WebPage\",\"@id\":\"https:\/\/primere.pl\/pl\/biblioteka-profesjonalisty\/\",\"url\":\"https:\/\/primere.pl\/pl\/biblioteka-profesjonalisty\/\",\"name\":\"Biblioteka profesjonalisty - Primere\",\"isPartOf\":{\"@id\":\"https:\/\/primere.pl\/pl\/#website\"},\"datePublished\":\"2020-02-14T09:57:17+00:00\",\"dateModified\":\"2022-12-23T08:32:50+00:00\",\"breadcrumb\":{\"@id\":\"https:\/\/primere.pl\/pl\/biblioteka-profesjonalisty\/#breadcrumb\"},\"inLanguage\":\"pl-PL\",\"potentialAction\":[{\"@type\":\"ReadAction\",\"target\":[\"https:\/\/primere.pl\/pl\/biblioteka-profesjonalisty\/\"]}]},{\"@type\":\"BreadcrumbList\",\"@id\":\"https:\/\/primere.pl\/pl\/biblioteka-profesjonalisty\/#breadcrumb\",\"itemListElement\":[{\"@type\":\"ListItem\",\"position\":1,\"name\":\"Strona g\u0142\u00f3wna\",\"item\":\"https:\/\/primere.pl\/pl\/\"},{\"@type\":\"ListItem\",\"position\":2,\"name\":\"Biblioteka profesjonalisty\"}]},{\"@type\":\"WebSite\",\"@id\":\"https:\/\/primere.pl\/pl\/#website\",\"url\":\"https:\/\/primere.pl\/pl\/\",\"name\":\"Primere\",\"description\":\"Real Estate Advisors\",\"potentialAction\":[{\"@type\":\"SearchAction\",\"target\":{\"@type\":\"EntryPoint\",\"urlTemplate\":\"https:\/\/primere.pl\/pl\/?s={search_term_string}\"},\"query-input\":\"required name=search_term_string\"}],\"inLanguage\":\"pl-PL\"}]}<\/script>\n<!-- \/ Yoast SEO plugin. -->","yoast_head_json":{"title":"Biblioteka profesjonalisty - Primere","robots":{"index":"index","follow":"follow","max-snippet":"max-snippet:-1","max-image-preview":"max-image-preview:large","max-video-preview":"max-video-preview:-1"},"canonical":"https:\/\/primere.pl\/pl\/biblioteka-profesjonalisty\/","og_locale":"pl_PL","og_type":"article","og_title":"Biblioteka profesjonalisty - Primere","og_description":"\u0179R\u00d3D\u0141A PRAWA Ustawa z dnia 24 czerwca 1994 r. o w\u0142asno\u015bci lokali Ustawa z dnia 21 sierpnia 1997 r. o gospodarce nieruchomo\u015bciami Ustawa z dnia 7 lipca 1994 r. \u2013 Prawo budowlane Rozporz\u0105dzenie Ministra Infrastruktury z dnia 12 kwietnia 2002 r. w sprawie warunk\u00f3w technicznych, jakim powinny odpowiada\u0107 budynki i ich usytuowanie Ustawa z dnia [&hellip;]","og_url":"https:\/\/primere.pl\/pl\/biblioteka-profesjonalisty\/","og_site_name":"Primere","article_modified_time":"2022-12-23T08:32:50+00:00","twitter_card":"summary_large_image","schema":{"@context":"https:\/\/schema.org","@graph":[{"@type":"WebPage","@id":"https:\/\/primere.pl\/pl\/biblioteka-profesjonalisty\/","url":"https:\/\/primere.pl\/pl\/biblioteka-profesjonalisty\/","name":"Biblioteka profesjonalisty - Primere","isPartOf":{"@id":"https:\/\/primere.pl\/pl\/#website"},"datePublished":"2020-02-14T09:57:17+00:00","dateModified":"2022-12-23T08:32:50+00:00","breadcrumb":{"@id":"https:\/\/primere.pl\/pl\/biblioteka-profesjonalisty\/#breadcrumb"},"inLanguage":"pl-PL","potentialAction":[{"@type":"ReadAction","target":["https:\/\/primere.pl\/pl\/biblioteka-profesjonalisty\/"]}]},{"@type":"BreadcrumbList","@id":"https:\/\/primere.pl\/pl\/biblioteka-profesjonalisty\/#breadcrumb","itemListElement":[{"@type":"ListItem","position":1,"name":"Strona g\u0142\u00f3wna","item":"https:\/\/primere.pl\/pl\/"},{"@type":"ListItem","position":2,"name":"Biblioteka profesjonalisty"}]},{"@type":"WebSite","@id":"https:\/\/primere.pl\/pl\/#website","url":"https:\/\/primere.pl\/pl\/","name":"Primere","description":"Real Estate Advisors","potentialAction":[{"@type":"SearchAction","target":{"@type":"EntryPoint","urlTemplate":"https:\/\/primere.pl\/pl\/?s={search_term_string}"},"query-input":"required name=search_term_string"}],"inLanguage":"pl-PL"}]}},"_links":{"self":[{"href":"https:\/\/primere.pl\/pl\/wp-json\/wp\/v2\/pages\/273"}],"collection":[{"href":"https:\/\/primere.pl\/pl\/wp-json\/wp\/v2\/pages"}],"about":[{"href":"https:\/\/primere.pl\/pl\/wp-json\/wp\/v2\/types\/page"}],"author":[{"embeddable":true,"href":"https:\/\/primere.pl\/pl\/wp-json\/wp\/v2\/users\/1"}],"replies":[{"embeddable":true,"href":"https:\/\/primere.pl\/pl\/wp-json\/wp\/v2\/comments?post=273"}],"version-history":[{"count":9,"href":"https:\/\/primere.pl\/pl\/wp-json\/wp\/v2\/pages\/273\/revisions"}],"predecessor-version":[{"id":3304,"href":"https:\/\/primere.pl\/pl\/wp-json\/wp\/v2\/pages\/273\/revisions\/3304"}],"wp:attachment":[{"href":"https:\/\/primere.pl\/pl\/wp-json\/wp\/v2\/media?parent=273"}],"curies":[{"name":"wp","href":"https:\/\/api.w.org\/{rel}","templated":true}]}}